{"id":65,"date":"2015-06-24T16:51:43","date_gmt":"2015-06-24T14:51:43","guid":{"rendered":"http:\/\/websalat.koeln\/?page_id=65"},"modified":"2021-12-13T13:29:59","modified_gmt":"2021-12-13T12:29:59","slug":"willkommen-bei-websalat-koeln","status":"publish","type":"page","link":"https:\/\/websalat.koeln\/","title":{"rendered":"Willkommen bei <i>WebSalat K\u00f6ln<\/i>"},"content":{"rendered":"<p><a href=\"https:\/\/websalat.koeln\/?page_id=47#impressum\">Kontakt<\/a><\/p>\n<p><strong>Zum 01.01.2018 ist der Startschuss gesetzt f\u00fcr den Aufbau eines Ingenieurb\u00fcros f\u00fcr<br \/>\n&#8222;Systemprogrammierung, Internet- und Webgestaltung&#8220;<\/strong><\/p>\n<p><strong>Die Ziele sind:<\/strong><br \/>\n&#8211; Heranf\u00fchrung von Klein- und Kleinst-Betrieben sowie Vereine\/Gruppen in Sachen Internetauftritt.<br \/>\n&#8211; Entwicklung von einfachen, preisg\u00fcnstigen und geschmackvollen Web-Auftritten.<br \/>\n&#8211; Service und (IT)-Beratung rund um das Thema Internet.<\/p>\n<p>Als Grundsystem beziehe ich mich erstmal auf <em>WordPress<\/em>, vorzugsweise implementiert in das Systemangebot von <em>1und1.de<\/em> (Bereitstellungen von Systemen, rund um WordPress und DB-Sever). Als Profiseller bei <em>1und1<\/em> erwerbe ich mir gerade meine ersten &#8222;Sporen&#8220; ;o). Aber auch f\u00fcr andere Systeme bin ich &#8222;empf\u00e4nglich&#8220; und auch neugierig ;). So f\u00fchre ich zurzeit Systemanpassungen an einem &#8222;rudiment\u00e4ren HTML-System&#8220;, eingebettet in <em>1Blu<\/em>, durch.<\/p>\n<p>Es wird auf jeden Fall eine spannende und interessante Reise.<\/p>\n<p><img loading=\"lazy\" decoding=\"async\" src=\"https:\/\/websalat.koeln\/wp-content\/uploads\/2021\/11\/Friedrich-VisitenkarteOH.png\" alt=\"Visitenkarte\" width=\"1050\" height=\"700\"\/><\/p>\n<hr \/>\n<p><strong>WebSalat K\u00f6ln<\/strong> ist aber auch eine <strong>Test-Seite<\/strong>, auf der die verschiedenen M\u00f6glichkeiten und Gestaltungsr\u00e4ume die <strong>WordPress<\/strong> liefert, ausgetestet werden. Die Seiten werden immer \u00f6fters neu gestaltet und erg\u00e4nzt.<\/p>\n<p><span style=\"color: #808000;\">Gr\u00fc\u00dfe aus K\u00f6ln<\/span><br \/>\n<span style=\"color: #808000;\">Friedrich Kl\u00f6fkorn<\/span><\/p>\n<p><a href=\"\u201c#Impressum\u201c\"><\/a><a href=\"\u201c#Impressum\u201c\"><\/a><a href=\"http:\/\/cms37012.apps-1and1.net\/wp-content\/uploads\/2015\/06\/Logo.jpg\"><img loading=\"lazy\" decoding=\"async\" class=\"alignnone size-medium wp-image-13\" src=\"http:\/\/cms37012.apps-1and1.net\/wp-content\/uploads\/2015\/06\/Logo-300x83.jpg\" alt=\"Logo\" width=\"300\" height=\"83\" srcset=\"https:\/\/websalat.koeln\/wp-content\/uploads\/2015\/06\/Logo-300x83.jpg 300w, https:\/\/websalat.koeln\/wp-content\/uploads\/2015\/06\/Logo.jpg 521w\" sizes=\"auto, (max-width: 300px) 100vw, 300px\" \/><\/a><\/p>\n<p>Ach ja, da ich vornehmlich mit 1&amp;1-Produkten arbeite, habe ich mich entschlossen auch als &#8222;1&amp;1-Profiseller&#8220; zu wirken.<\/p>\n<p><center><span style=\"color: #000080;\"><a href=\"https:\/\/klk.profiseller.de\/shop\/webhosting.html\" target=\"_blank\" rel=\"noopener noreferrer\"><b>1&amp;1-Shop<br \/>\n<\/b><\/a><span><\/span><\/span><br \/>\n<a href=\"https:\/\/websalat.koeln\/wp-content\/uploads\/2018\/03\/11-Logo-3.jpg\"><img loading=\"lazy\" decoding=\"async\" class=\"alignnone size-medium wp-image-13\" src=\"https:\/\/websalat.koeln\/wp-content\/uploads\/2018\/03\/11-Logo-3.jpg\" alt=\"1&amp;1-Partner-Logo\" width=\"70\" height=\"83\"\/><\/a><br \/>\n<\/center><br \/>\n<center><a href=\"https:\/\/websalat.koeln\/wp-content\/uploads\/2021\/12\/Perfekt-ist-anders-1.png\"><img loading=\"lazy\" decoding=\"async\" class=\"alignnone size-medium wp-image-13\" src=\"https:\/\/websalat.koeln\/wp-content\/uploads\/2021\/12\/Perfekt-ist-anders-1.png\" width=\"300\" height=\"300\"\/><\/a><br \/>\n<\/center><\/p>\n","protected":false},"excerpt":{"rendered":"<p>Kontakt Zum 01.01.2018 ist der Startschuss gesetzt f\u00fcr den Aufbau eines Ingenieurb\u00fcros f\u00fcr &#8222;Systemprogrammierung, Internet- und Webgestaltung&#8220; Die Ziele sind: &#8211; Heranf\u00fchrung von Klein- und Kleinst-Betrieben sowie Vereine\/Gruppen in Sachen Internetauftritt. &#8211; Entwicklung von einfachen, preisg\u00fcnstigen und geschmackvollen Web-Auftritten. &#8211; Service und (IT)-Beratung rund um das Thema Internet. Als Grundsystem beziehe ich mich erstmal auf &hellip; <a href=\"https:\/\/websalat.koeln\/\" class=\"more-link\"><span class=\"screen-reader-text\">Willkommen bei <i>WebSalat K\u00f6ln<\/i><\/span> weiterlesen<\/a><\/p>\n","protected":false},"author":1,"featured_media":0,"parent":0,"menu_order":0,"comment_status":"closed","ping_status":"closed","template":"","meta":{"footnotes":""},"class_list":["post-65","page","type-page","status-publish","hentry"],"_links":{"self":[{"href":"https:\/\/websalat.koeln\/index.php?rest_route=\/wp\/v2\/pages\/65","targetHints":{"allow":["GET"]}}],"collection":[{"href":"https:\/\/websalat.koeln\/index.php?rest_route=\/wp\/v2\/pages"}],"about":[{"href":"https:\/\/websalat.koeln\/index.php?rest_route=\/wp\/v2\/types\/page"}],"author":[{"embeddable":true,"href":"https:\/\/websalat.koeln\/index.php?rest_route=\/wp\/v2\/users\/1"}],"replies":[{"embeddable":true,"href":"https:\/\/websalat.koeln\/index.php?rest_route=%2Fwp%2Fv2%2Fcomments&post=65"}],"version-history":[{"count":76,"href":"https:\/\/websalat.koeln\/index.php?rest_route=\/wp\/v2\/pages\/65\/revisions"}],"predecessor-version":[{"id":465,"href":"https:\/\/websalat.koeln\/index.php?rest_route=\/wp\/v2\/pages\/65\/revisions\/465"}],"wp:attachment":[{"href":"https:\/\/websalat.koeln\/index.php?rest_route=%2Fwp%2Fv2%2Fmedia&parent=65"}],"curies":[{"name":"wp","href":"https:\/\/api.w.org\/{rel}","templated":true}]}}