{"id":47,"date":"2015-06-24T14:24:53","date_gmt":"2015-06-24T12:24:53","guid":{"rendered":"http:\/\/websalat.koeln\/?page_id=47"},"modified":"2019-11-04T15:01:35","modified_gmt":"2019-11-04T14:01:35","slug":"impressum","status":"publish","type":"page","link":"https:\/\/websalat.koeln\/?page_id=47","title":{"rendered":"<href=\"impressum\">Impressum"},"content":{"rendered":"<p><strong>WebSalat K\u00f6ln<\/strong><\/p>\n<p>Ingenieurb\u00fcro f\u00fcr Systemprogrammierung, Internet- und Webgestaltung<\/p>\n<p>Gesellschaftsform: Kleinunternehmer<br \/>\nGem\u00e4\u00df \u00a7 19 UStG enthalten Rechnungsbetr\u00e4ge keine Umsatzsteuer<br \/>\nSteuernummer: 218\/2054\/3910<\/p>\n<p>Kontakt: info(at)WebSalat.koeln<\/p>\n<p><a href=\"http:\/\/cms37012.apps-1and1.net\/wp-content\/uploads\/2015\/06\/Friedrich-150529-e1435159444393.jpg\"><img loading=\"lazy\" decoding=\"async\" src=\"http:\/\/cms37012.apps-1and1.net\/wp-content\/uploads\/2015\/06\/Friedrich-150529-265x300.jpg\" alt=\"Friedrich-150529\" class=\"alignnone size-medium wp-image-39\" width=\"132\" height=\"150\"\/><\/a><\/p>\n<p><a href=\"http:\/\/www.disclaimer.de\/disclaimer.htm?farbe=FFFFFF\/000000\/000000\/000000\">Disclaimer<\/a><\/p>\n","protected":false},"excerpt":{"rendered":"<p>WebSalat K\u00f6ln Ingenieurb\u00fcro f\u00fcr Systemprogrammierung, Internet- und Webgestaltung Gesellschaftsform: Kleinunternehmer Gem\u00e4\u00df \u00a7 19 UStG enthalten Rechnungsbetr\u00e4ge keine Umsatzsteuer Steuernummer: 218\/2054\/3910 Kontakt: info(at)WebSalat.koeln Disclaimer<\/p>\n","protected":false},"author":1,"featured_media":0,"parent":65,"menu_order":1,"comment_status":"open","ping_status":"closed","template":"","meta":{"footnotes":""},"class_list":["post-47","page","type-page","status-publish","hentry"],"_links":{"self":[{"href":"https:\/\/websalat.koeln\/index.php?rest_route=\/wp\/v2\/pages\/47","targetHints":{"allow":["GET"]}}],"collection":[{"href":"https:\/\/websalat.koeln\/index.php?rest_route=\/wp\/v2\/pages"}],"about":[{"href":"https:\/\/websalat.koeln\/index.php?rest_route=\/wp\/v2\/types\/page"}],"author":[{"embeddable":true,"href":"https:\/\/websalat.koeln\/index.php?rest_route=\/wp\/v2\/users\/1"}],"replies":[{"embeddable":true,"href":"https:\/\/websalat.koeln\/index.php?rest_route=%2Fwp%2Fv2%2Fcomments&post=47"}],"version-history":[{"count":40,"href":"https:\/\/websalat.koeln\/index.php?rest_route=\/wp\/v2\/pages\/47\/revisions"}],"predecessor-version":[{"id":380,"href":"https:\/\/websalat.koeln\/index.php?rest_route=\/wp\/v2\/pages\/47\/revisions\/380"}],"up":[{"embeddable":true,"href":"https:\/\/websalat.koeln\/index.php?rest_route=\/wp\/v2\/pages\/65"}],"wp:attachment":[{"href":"https:\/\/websalat.koeln\/index.php?rest_route=%2Fwp%2Fv2%2Fmedia&parent=47"}],"curies":[{"name":"wp","href":"https:\/\/api.w.org\/{rel}","templated":true}]}}