{"id":105,"date":"2015-07-12T21:35:58","date_gmt":"2015-07-12T19:35:58","guid":{"rendered":"http:\/\/websalat.koeln\/?page_id=105"},"modified":"2019-11-09T14:33:09","modified_gmt":"2019-11-09T13:33:09","slug":"sie-bruchen-ein-logo","status":"publish","type":"page","link":"https:\/\/websalat.koeln\/?page_id=105","title":{"rendered":"Sie brauchen ein Logo?"},"content":{"rendered":"<p>Klein, aber fein, so oder \u00e4hnlich sind die Anforderungen vieler kleiner (Einzel-)Betriebe, wenn es darum geht, im Internet pr\u00e4sent zu sein.<\/p>\n<p>Was soll denn rein, was ist vorhanden?<\/p>\n<p>Nun ja, irgendwie sch\u00f6n soll es sein, ein <strong>Logo<\/strong> w\u00e4re toll. Da kann geholfen werden, nur die Art &#8211; also abstrakt, gegenst\u00e4ndlich, n\u00fcchtern, verspielt, &#8230;. -&gt; da wird dem Kunden einiges abverlangt. Einfach ein Symbol einer anderen Firma nehmen, welches dann &#8222;umgestrickt&#8220; wird &#8211; Risiko. Schwupps, sind wir schon bei den Urheberrechten, die sehr oft f\u00fcr gro\u00dfen Verdruss sorgen. Pr\u00e4sentieren Sie ihr Unternehmen doch mal mit einem &#8222;angebissenen Apfel&#8220;, da kommt Temperatur auf. Wurde doch einst ein \u00d6ko-Restaurant mit heillosen Forderungen konfrontiert, weil es einen <strong>gegenst\u00e4ndlichen<\/strong>, angebissenen Apfel als Logo verwendet hatte. Letztlich hat ein Gericht entschieden, dass keine Verwechslungsgefahr besteht, dass das kleine Unternehmen aber nicht im Bereich der Computertechnik aktiv werden darf.<\/p>\n<p>Viel \u00c4rger, viele Kosten und Unmengen an Stress und viel tote Zeit.<\/p>\n<p><strong>Also, &#8211; lassen Sie sich beraten <\/strong><br \/>\n&#8212;&#8212;&#8212;&#8212;&#8212;&#8212;&#8212;&#8212;&#8212;&#8212;&#8212;&#8212;&#8212;&#8212;&#8212;&#8212;&#8212;&#8212;&#8212;&#8212;&#8212;&#8212;&#8212;&#8212;&#8212;&#8212;&#8212;&#8212;&#8211;<\/p>\n<p><a href=\"https:\/\/websalat.koeln\/?page_id=47\" target=\"_blank\" rel=\"noopener noreferrer\"><\/a><a href=\"https:\/\/websalat.koeln\/?page_id=47\"><\/a><a href=\"http:\/\/cms37012.apps-1and1.net\/wp-content\/uploads\/2015\/06\/Logo.jpg\"><img loading=\"lazy\" decoding=\"async\" src=\"http:\/\/cms37012.apps-1and1.net\/wp-content\/uploads\/2015\/06\/Logo-300x83.jpg\" alt=\"Logo\" class=\"alignnone size-medium wp-image-13\" width=\"300\" height=\"83\" srcset=\"https:\/\/websalat.koeln\/wp-content\/uploads\/2015\/06\/Logo-300x83.jpg 300w, https:\/\/websalat.koeln\/wp-content\/uploads\/2015\/06\/Logo.jpg 521w\" sizes=\"auto, (max-width: 300px) 100vw, 300px\" \/><\/a><\/p>\n<blockquote><\/blockquote>\n","protected":false},"excerpt":{"rendered":"<p>Klein, aber fein, so oder \u00e4hnlich sind die Anforderungen vieler kleiner (Einzel-)Betriebe, wenn es darum geht, im Internet pr\u00e4sent zu sein. Was soll denn rein, was ist vorhanden? Nun ja, irgendwie sch\u00f6n soll es sein, ein Logo w\u00e4re toll. Da kann geholfen werden, nur die Art &#8211; also abstrakt, gegenst\u00e4ndlich, n\u00fcchtern, verspielt, &#8230;. -&gt; da &hellip; <a href=\"https:\/\/websalat.koeln\/?page_id=105\" class=\"more-link\"><span class=\"screen-reader-text\">Sie brauchen ein Logo?<\/span> weiterlesen<\/a><\/p>\n","protected":false},"author":1,"featured_media":0,"parent":0,"menu_order":0,"comment_status":"open","ping_status":"open","template":"","meta":{"footnotes":""},"class_list":["post-105","page","type-page","status-publish","hentry"],"_links":{"self":[{"href":"https:\/\/websalat.koeln\/index.php?rest_route=\/wp\/v2\/pages\/105","targetHints":{"allow":["GET"]}}],"collection":[{"href":"https:\/\/websalat.koeln\/index.php?rest_route=\/wp\/v2\/pages"}],"about":[{"href":"https:\/\/websalat.koeln\/index.php?rest_route=\/wp\/v2\/types\/page"}],"author":[{"embeddable":true,"href":"https:\/\/websalat.koeln\/index.php?rest_route=\/wp\/v2\/users\/1"}],"replies":[{"embeddable":true,"href":"https:\/\/websalat.koeln\/index.php?rest_route=%2Fwp%2Fv2%2Fcomments&post=105"}],"version-history":[{"count":62,"href":"https:\/\/websalat.koeln\/index.php?rest_route=\/wp\/v2\/pages\/105\/revisions"}],"predecessor-version":[{"id":464,"href":"https:\/\/websalat.koeln\/index.php?rest_route=\/wp\/v2\/pages\/105\/revisions\/464"}],"wp:attachment":[{"href":"https:\/\/websalat.koeln\/index.php?rest_route=%2Fwp%2Fv2%2Fmedia&parent=105"}],"curies":[{"name":"wp","href":"https:\/\/api.w.org\/{rel}","templated":true}]}}